{"id":17,"date":"2020-01-21T10:44:31","date_gmt":"2020-01-21T13:44:31","guid":{"rendered":"https:\/\/ciram.epagri.sc.gov.br\/?page_id=17"},"modified":"2020-01-24T11:37:09","modified_gmt":"2020-01-24T14:37:09","slug":"header","status":"publish","type":"page","link":"https:\/\/ciram.epagri.sc.gov.br\/index.php\/header\/","title":{"rendered":"HEADER"},"content":{"rendered":"\t\t<div data-elementor-type=\"wp-page\" data-elementor-id=\"17\" class=\"elementor elementor-17\">\n\t\t\t\t\t\t<section class=\"elementor-section elementor-top-section elementor-element elementor-element-4dabb71e elementor-section-full_width elementor-section-height-min-height elementor-section-content-middle elementor-section-height-default elementor-section-items-middle\" data-id=\"4dabb71e\" data-element_type=\"section\" data-e-type=\"section\">\n\t\t\t\t\t\t<div class=\"elementor-container elementor-column-gap-default\">\n\t\t\t\t\t<div class=\"elementor-column elementor-col-100 elementor-top-column elementor-element elementor-element-ee464ca\" data-id=\"ee464ca\" data-element_type=\"column\" data-e-type=\"column\">\n\t\t\t<div class=\"elementor-widget-wrap elementor-element-populated\">\n\t\t\t\t\t\t<div class=\"elementor-element elementor-element-5928d5a elementor-widget elementor-widget-spacer\" data-id=\"5928d5a\" data-element_type=\"widget\" data-e-type=\"widget\" data-widget_type=\"spacer.default\">\n\t\t\t\t<div class=\"elementor-widget-container\">\n\t\t\t\t\t\t\t<div class=\"elementor-spacer\">\n\t\t\t<div class=\"elementor-spacer-inner\"><\/div>\n\t\t<\/div>\n\t\t\t\t\t\t<\/div>\n\t\t\t\t<\/div>\n\t\t\t\t\t<\/div>\n\t\t<\/div>\n\t\t\t\t\t<\/div>\n\t\t<\/section>\n\t\t\t\t<section class=\"elementor-section elementor-top-section elementor-element elementor-element-c661589 elementor-section-stretched elementor-hidden-phone elementor-section-boxed elementor-section-height-default elementor-section-height-default\" data-id=\"c661589\" data-element_type=\"section\" data-e-type=\"section\" data-settings=\"{&quot;stretch_section&quot;:&quot;section-stretched&quot;}\">\n\t\t\t\t\t\t<div class=\"elementor-container elementor-column-gap-no\">\n\t\t\t\t\t<div class=\"elementor-column elementor-col-25 elementor-top-column elementor-element elementor-element-4207f202\" data-id=\"4207f202\" data-element_type=\"column\" data-e-type=\"column\">\n\t\t\t<div class=\"elementor-widget-wrap elementor-element-populated\">\n\t\t\t\t\t\t<div class=\"elementor-element elementor-element-db493fe elementor-hidden-phone elementor-widget elementor-widget-image\" data-id=\"db493fe\" data-element_type=\"widget\" data-e-type=\"widget\" data-widget_type=\"image.default\">\n\t\t\t\t<div class=\"elementor-widget-container\">\n\t\t\t\t\t\t\t\t\t\t\t\t\t\t\t\t<a href=\"https:\/\/ciram.epagri.sc.gov.br\">\n\t\t\t\t\t\t\t<img decoding=\"async\" width=\"189\" height=\"64\" src=\"https:\/\/ciram.epagri.sc.gov.br\/wp-content\/uploads\/2020\/01\/logo-ciram.png\" class=\"attachment-full size-full wp-image-64\" alt=\"\" \/>\t\t\t\t\t\t\t\t<\/a>\n\t\t\t\t\t\t\t\t\t\t\t\t\t\t\t<\/div>\n\t\t\t\t<\/div>\n\t\t\t\t\t<\/div>\n\t\t<\/div>\n\t\t\t\t<div class=\"elementor-column elementor-col-25 elementor-top-column elementor-element elementor-element-f15e2c5\" data-id=\"f15e2c5\" data-element_type=\"column\" data-e-type=\"column\">\n\t\t\t<div class=\"elementor-widget-wrap\">\n\t\t\t\t\t\t\t<\/div>\n\t\t<\/div>\n\t\t\t\t<div class=\"elementor-column elementor-col-25 elementor-top-column elementor-element elementor-element-7f9d1a5b elementor-sm-83\" data-id=\"7f9d1a5b\" data-element_type=\"column\" data-e-type=\"column\">\n\t\t\t<div class=\"elementor-widget-wrap elementor-element-populated\">\n\t\t\t\t\t\t<div class=\"elementor-element elementor-element-10a5bf0e elementor-widget__width-initial elementor-widget elementor-widget-wp-widget-search\" data-id=\"10a5bf0e\" data-element_type=\"widget\" data-e-type=\"widget\" data-widget_type=\"wp-widget-search.default\">\n\t\t\t\t<div class=\"elementor-widget-container\">\n\t\t\t\t\t\n<form aria-label=\"Pesquisar neste site\" role=\"search\" method=\"get\" class=\"searchform\" action=\"https:\/\/ciram.epagri.sc.gov.br\/\">\t\n\t<input aria-label=\"Inserir consulta de pesquisa\" type=\"search\" id=\"ocean-search-form-1\" class=\"field\" autocomplete=\"off\" placeholder=\"Pesquisar\" name=\"s\">\n\t\t<\/form>\n\t\t\t\t<\/div>\n\t\t\t\t<\/div>\n\t\t\t\t\t<\/div>\n\t\t<\/div>\n\t\t\t\t<div class=\"elementor-column elementor-col-25 elementor-top-column elementor-element elementor-element-6b09ecb8\" data-id=\"6b09ecb8\" data-element_type=\"column\" data-e-type=\"column\">\n\t\t\t<div class=\"elementor-widget-wrap elementor-element-populated\">\n\t\t\t\t\t\t<div class=\"elementor-element elementor-element-2fff7316 elementor-hidden-phone elementor-widget elementor-widget-image\" data-id=\"2fff7316\" data-element_type=\"widget\" data-e-type=\"widget\" data-widget_type=\"image.default\">\n\t\t\t\t<div class=\"elementor-widget-container\">\n\t\t\t\t\t\t\t\t\t\t\t\t\t\t\t\t<a href=\"http:\/\/www.agricultura.sc.gov.br\/\" target=\"_blank\">\n\t\t\t\t\t\t\t<img decoding=\"async\" width=\"117\" height=\"70\" src=\"https:\/\/ciram.epagri.sc.gov.br\/wp-content\/uploads\/2020\/01\/LogoGovernoSecretaria.png\" class=\"attachment-full size-full wp-image-65\" alt=\"\" \/>\t\t\t\t\t\t\t\t<\/a>\n\t\t\t\t\t\t\t\t\t\t\t\t\t\t\t<\/div>\n\t\t\t\t<\/div>\n\t\t\t\t\t<\/div>\n\t\t<\/div>\n\t\t\t\t\t<\/div>\n\t\t<\/section>\n\t\t\t\t<section class=\"elementor-section elementor-top-section elementor-element elementor-element-24701b45 elementor-section-stretched elementor-section-full_width elementor-hidden-phone elementor-hidden-tablet elementor-section-height-default elementor-section-height-default\" data-id=\"24701b45\" data-element_type=\"section\" data-e-type=\"section\" data-settings=\"{&quot;stretch_section&quot;:&quot;section-stretched&quot;}\">\n\t\t\t\t\t\t<div class=\"elementor-container elementor-column-gap-no\">\n\t\t\t\t\t<div class=\"elementor-column elementor-col-100 elementor-top-column elementor-element elementor-element-114d3aec\" data-id=\"114d3aec\" data-element_type=\"column\" data-e-type=\"column\">\n\t\t\t<div class=\"elementor-widget-wrap elementor-element-populated\">\n\t\t\t\t\t\t<div class=\"elementor-element elementor-element-4e2190c elementor-widget elementor-widget-wp-widget-ocean_custom_menu\" data-id=\"4e2190c\" data-element_type=\"widget\" data-e-type=\"widget\" data-widget_type=\"wp-widget-ocean_custom_menu.default\">\n\t\t\t\t<div class=\"elementor-widget-container\">\n\t\t\t\t\t<div class=\"oceanwp-custom-menu clr ocean_custom_menu-REPLACE_TO_ID center dropdown-hover\"><ul id=\"menu-menu-ciram\" class=\"dropdown-menu sf-menu\"><li  id=\"menu-item-2815\" class=\"menu-item menu-item-type-post_type menu-item-object-page menu-item-has-children dropdown menu-item-2815\"><a href=\"https:\/\/ciram.epagri.sc.gov.br\/index.php\/o-ciram\/areas-de-atuacao\/\" class=\"menu-link\">O CIRAM <span class=\"nav-arrow fa fa-angle-down\"><\/span><\/a>\n<ul class=\"sub-menu\">\n\t<li  id=\"menu-item-2729\" class=\"menu-item menu-item-type-post_type menu-item-object-page menu-item-2729\"><a href=\"https:\/\/ciram.epagri.sc.gov.br\/index.php\/o-ciram\/areas-de-atuacao\/\" class=\"menu-link\">\u00c1reas de atua\u00e7\u00e3o<\/a><\/li>\n\t<li  id=\"menu-item-333\" class=\"menu-item menu-item-type-post_type menu-item-object-page menu-item-333\"><a href=\"https:\/\/ciram.epagri.sc.gov.br\/index.php\/o-ciram\/equipe\/\" class=\"menu-link\">Equipe<\/a><\/li>\n\t<li  id=\"menu-item-334\" class=\"menu-item menu-item-type-post_type menu-item-object-page menu-item-334\"><a href=\"https:\/\/ciram.epagri.sc.gov.br\/index.php\/o-ciram\/quem-somos\/\" class=\"menu-link\">Quem somos<\/a><\/li>\n<\/ul>\n<\/li>\n<li  id=\"menu-item-3461\" class=\"menu-item menu-item-type-post_type menu-item-object-page menu-item-has-children dropdown menu-item-3461\"><a href=\"https:\/\/ciram.epagri.sc.gov.br\/index.php\/solucoes\/agricultura\/\" class=\"menu-link\">SOLU\u00c7\u00d5ES <span class=\"nav-arrow fa fa-angle-down\"><\/span><\/a>\n<ul class=\"sub-menu\">\n\t<li  id=\"menu-item-3184\" class=\"menu-item menu-item-type-post_type menu-item-object-page menu-item-3184\"><a href=\"https:\/\/ciram.epagri.sc.gov.br\/index.php\/solucoes\/agricultura\/\" class=\"menu-link\">Agricultura<\/a><\/li>\n\t<li  id=\"menu-item-3185\" class=\"menu-item menu-item-type-post_type menu-item-object-page menu-item-3185\"><a href=\"https:\/\/ciram.epagri.sc.gov.br\/index.php\/solucoes\/tempo-e-clima\/\" class=\"menu-link\">Tempo e Clima<\/a><\/li>\n\t<li  id=\"menu-item-290\" class=\"menu-item menu-item-type-post_type menu-item-object-page menu-item-has-children dropdown menu-item-290\"><a href=\"https:\/\/ciram.epagri.sc.gov.br\/index.php\/solucoes\/condicoes-extremas\/\" class=\"menu-link\">Condi\u00e7\u00f5es extremas<span class=\"nav-arrow fa fa-angle-right\"><\/span><\/a>\n\t<ul class=\"sub-menu\">\n\t\t<li  id=\"menu-item-1819\" class=\"menu-item menu-item-type-post_type menu-item-object-page menu-item-1819\"><a href=\"https:\/\/ciram.epagri.sc.gov.br\/index.php\/avisos-meteorologicos\/\" class=\"menu-link\">Avisos Meteorol\u00f3gicos<\/a><\/li>\n\t\t<li  id=\"menu-item-1818\" class=\"menu-item menu-item-type-post_type menu-item-object-page menu-item-1818\"><a href=\"https:\/\/ciram.epagri.sc.gov.br\/index.php\/avisos-hidrologicos\/\" class=\"menu-link\">Avisos Hidrol\u00f3gicos<\/a><\/li>\n\t\t<li  id=\"menu-item-2433\" class=\"menu-item menu-item-type-post_type menu-item-object-page menu-item-2433\"><a href=\"https:\/\/ciram.epagri.sc.gov.br\/index.php\/avisos-maritimos\/\" class=\"menu-link\">Avisos Mar\u00edtimos<\/a><\/li>\n\t<\/ul>\n<\/li>\n\t<li  id=\"menu-item-3183\" class=\"menu-item menu-item-type-post_type menu-item-object-page menu-item-3183\"><a href=\"https:\/\/ciram.epagri.sc.gov.br\/index.php\/solucoes\/rios\/\" class=\"menu-link\">Rios<\/a><\/li>\n\t<li  id=\"menu-item-3182\" class=\"menu-item menu-item-type-post_type menu-item-object-page menu-item-3182\"><a href=\"https:\/\/ciram.epagri.sc.gov.br\/index.php\/solucoes\/litoral\/\" class=\"menu-link\">Litoral<\/a><\/li>\n\t<li  id=\"menu-item-2474\" class=\"menu-item menu-item-type-post_type menu-item-object-page menu-item-2474\"><a href=\"https:\/\/ciram.epagri.sc.gov.br\/index.php\/solucoes\/monitoramento\/\" class=\"menu-link\">Monitoramento<\/a><\/li>\n\t<li  id=\"menu-item-2253\" class=\"menu-item menu-item-type-post_type menu-item-object-page menu-item-2253\"><a href=\"https:\/\/ciram.epagri.sc.gov.br\/index.php\/solucoes\/receba-nossos-boletins\/\" class=\"menu-link\">Receba nossos boletins<\/a><\/li>\n<\/ul>\n<\/li>\n<li  id=\"menu-item-2814\" class=\"menu-item menu-item-type-post_type menu-item-object-page menu-item-has-children dropdown menu-item-2814\"><a href=\"https:\/\/ciram.epagri.sc.gov.br\/index.php\/projetos\/projetos-concluidos\/\" class=\"menu-link\">PROJETOS <span class=\"nav-arrow fa fa-angle-down\"><\/span><\/a>\n<ul class=\"sub-menu\">\n\t<li  id=\"menu-item-304\" class=\"menu-item menu-item-type-post_type menu-item-object-page menu-item-304\"><a href=\"https:\/\/ciram.epagri.sc.gov.br\/index.php\/projetos\/projetos-concluidos\/\" class=\"menu-link\">Projetos conclu\u00eddos<\/a><\/li>\n\t<li  id=\"menu-item-305\" class=\"menu-item menu-item-type-post_type menu-item-object-page menu-item-305\"><a href=\"https:\/\/ciram.epagri.sc.gov.br\/index.php\/projetos\/projetos-em-andamento\/\" class=\"menu-link\">Projetos em andamento<\/a><\/li>\n<\/ul>\n<\/li>\n<li  id=\"menu-item-2811\" class=\"menu-item menu-item-type-post_type menu-item-object-page menu-item-has-children dropdown menu-item-2811\"><a href=\"https:\/\/ciram.epagri.sc.gov.br\/index.php\/solucoes\/laudos-dados\/\" class=\"menu-link\">SERVI\u00c7OS <span class=\"nav-arrow fa fa-angle-down\"><\/span><\/a>\n<ul class=\"sub-menu\">\n\t<li  id=\"menu-item-2237\" class=\"menu-item menu-item-type-post_type menu-item-object-page menu-item-2237\"><a href=\"https:\/\/ciram.epagri.sc.gov.br\/index.php\/solucoes\/laudos-dados\/\" class=\"menu-link\">Laudos e dados ambientais<\/a><\/li>\n\t<li  id=\"menu-item-2154\" class=\"menu-item menu-item-type-post_type menu-item-object-page menu-item-2154\"><a target=\"_blank\" href=\"https:\/\/ciram.epagri.sc.gov.br\/index.php\/serv-casan-peri\/\" class=\"menu-link\">Casan<\/a><\/li>\n\t<li  id=\"menu-item-11337\" class=\"menu-item menu-item-type-custom menu-item-object-custom menu-item-11337\"><a target=\"_blank\" href=\"https:\/\/ciram.epagri.sc.gov.br\/cad-fenomenos\/\" class=\"menu-link\">Cadastro de fen\u00f4menos meteorol\u00f3gicos<\/a><\/li>\n\t<li  id=\"menu-item-8540\" class=\"menu-item menu-item-type-custom menu-item-object-custom menu-item-8540\"><a target=\"_blank\" href=\"https:\/\/ciram.epagri.sc.gov.br\/dados-met\/\" class=\"menu-link\">Mapas meteorol\u00f3gicos<\/a><\/li>\n\t<li  id=\"menu-item-2155\" class=\"menu-item menu-item-type-post_type menu-item-object-page menu-item-2155\"><a target=\"_blank\" href=\"https:\/\/ciram.epagri.sc.gov.br\/index.php\/serv-queimados-projeto\/\" class=\"menu-link\">Conc\u00f3rdia<\/a><\/li>\n\t<li  id=\"menu-item-22546\" class=\"menu-item menu-item-type-custom menu-item-object-custom menu-item-22546\"><a target=\"_blank\" href=\"https:\/\/ciram.epagri.sc.gov.br\/solos\/\" class=\"menu-link\">Sistema de solos<\/a><\/li>\n\t<li  id=\"menu-item-24341\" class=\"menu-item menu-item-type-post_type menu-item-object-page menu-item-has-children dropdown menu-item-24341\"><a target=\"_blank\" href=\"https:\/\/ciram.epagri.sc.gov.br\/index.php\/serv-porto\/\" class=\"menu-link\">Porto SFS<span class=\"nav-arrow fa fa-angle-right\"><\/span><\/a>\n\t<ul class=\"sub-menu\">\n\t\t<li  id=\"menu-item-27800\" class=\"menu-item menu-item-type-post_type menu-item-object-page menu-item-27800\"><a target=\"_blank\" href=\"https:\/\/ciram.epagri.sc.gov.br\/index.php\/serv-porto\/\" class=\"menu-link\">Monitoramento<\/a><\/li>\n\t\t<li  id=\"menu-item-27798\" class=\"menu-item menu-item-type-post_type menu-item-object-page menu-item-27798\"><a target=\"_blank\" href=\"https:\/\/ciram.epagri.sc.gov.br\/index.php\/serv-porto-prev\/\" class=\"menu-link\">Previs\u00e3o Tabelas<\/a><\/li>\n\t\t<li  id=\"menu-item-27799\" class=\"menu-item menu-item-type-post_type menu-item-object-page menu-item-27799\"><a target=\"_blank\" href=\"https:\/\/ciram.epagri.sc.gov.br\/index.php\/serv-porto-prev-graf\/\" class=\"menu-link\">Previs\u00e3o Gr\u00e1ficos<\/a><\/li>\n\t<\/ul>\n<\/li>\n\t<li  id=\"menu-item-39169\" class=\"menu-item menu-item-type-post_type menu-item-object-page menu-item-39169\"><a target=\"_blank\" href=\"https:\/\/ciram.epagri.sc.gov.br\/index.php\/base-pra\/\" class=\"menu-link\">Base-PRA<\/a><\/li>\n\t<li  id=\"menu-item-42386\" class=\"menu-item menu-item-type-post_type menu-item-object-page menu-item-42386\"><a href=\"https:\/\/ciram.epagri.sc.gov.br\/index.php\/analisador-estiagens\/\" class=\"menu-link\">Analisador de Estiagens<\/a><\/li>\n\t<li  id=\"menu-item-48306\" class=\"menu-item menu-item-type-custom menu-item-object-custom menu-item-48306\"><a target=\"_blank\" href=\"https:\/\/ciram.epagri.sc.gov.br\/monitoramento_irani\/\" class=\"menu-link\">Monitoramento &#8211; Irani S.A.<\/a><\/li>\n<\/ul>\n<\/li>\n<li  id=\"menu-item-2813\" class=\"menu-item menu-item-type-post_type menu-item-object-page menu-item-has-children dropdown menu-item-2813\"><a href=\"https:\/\/ciram.epagri.sc.gov.br\/index.php\/publicacoes\/publicacoes-tecnico-cientificas\/\" class=\"menu-link\">PUBLICA\u00c7\u00d5ES <span class=\"nav-arrow fa fa-angle-down\"><\/span><\/a>\n<ul class=\"sub-menu\">\n\t<li  id=\"menu-item-286\" class=\"menu-item menu-item-type-post_type menu-item-object-page menu-item-286\"><a href=\"https:\/\/ciram.epagri.sc.gov.br\/index.php\/publicacoes\/publicacoes-tecnico-cientificas\/\" class=\"menu-link\">Publica\u00e7\u00f5es t\u00e9cnico-cient\u00edficas<\/a><\/li>\n\t<li  id=\"menu-item-27832\" class=\"menu-item menu-item-type-post_type menu-item-object-page menu-item-has-children dropdown menu-item-27832\"><a href=\"https:\/\/ciram.epagri.sc.gov.br\/index.php\/livro-infantil-solos-floripa-2023\/\" class=\"menu-link\">Publica\u00e7\u00f5es infantis<span class=\"nav-arrow fa fa-angle-right\"><\/span><\/a>\n\t<ul class=\"sub-menu\">\n\t\t<li  id=\"menu-item-43315\" class=\"menu-item menu-item-type-post_type menu-item-object-page menu-item-43315\"><a href=\"https:\/\/ciram.epagri.sc.gov.br\/index.php\/o-tesouro-do-meu-avo\/\" class=\"menu-link\">O Tesouro do Meu Av\u00f4<\/a><\/li>\n\t\t<li  id=\"menu-item-27833\" class=\"menu-item menu-item-type-post_type menu-item-object-page menu-item-27833\"><a href=\"https:\/\/ciram.epagri.sc.gov.br\/index.php\/livro-infantil-solos-floripa-2023\/\" class=\"menu-link\">Solos Floripa 2023<\/a><\/li>\n\t\t<li  id=\"menu-item-27834\" class=\"menu-item menu-item-type-post_type menu-item-object-page menu-item-27834\"><a href=\"https:\/\/ciram.epagri.sc.gov.br\/index.php\/maria-farinha-e-a-mare\/\" class=\"menu-link\">Maria Farinha e a Mar\u00e9<\/a><\/li>\n\t\t<li  id=\"menu-item-27835\" class=\"menu-item menu-item-type-post_type menu-item-object-page menu-item-27835\"><a href=\"https:\/\/ciram.epagri.sc.gov.br\/index.php\/livro-infantil-solos\/\" class=\"menu-link\">Solos<\/a><\/li>\n\t<\/ul>\n<\/li>\n<\/ul>\n<\/li>\n<li  id=\"menu-item-150\" class=\"menu-item menu-item-type-post_type menu-item-object-page menu-item-150\"><a href=\"https:\/\/ciram.epagri.sc.gov.br\/index.php\/contato\/\" class=\"menu-link\">CONTATO<\/a><\/li>\n<\/ul><\/div>\t\t\t\t<\/div>\n\t\t\t\t<\/div>\n\t\t\t\t\t<\/div>\n\t\t<\/div>\n\t\t\t\t\t<\/div>\n\t\t<\/section>\n\t\t\t\t<\/div>\n\t\t","protected":false},"excerpt":{"rendered":"","protected":false},"author":1,"featured_media":0,"parent":0,"menu_order":0,"comment_status":"closed","ping_status":"closed","template":"elementor_canvas","meta":{"ocean_post_layout":"","ocean_both_sidebars_style":"","ocean_both_sidebars_content_width":0,"ocean_both_sidebars_sidebars_width":0,"ocean_sidebar":"0","ocean_second_sidebar":"0","ocean_disable_margins":"enable","ocean_add_body_class":"","ocean_shortcode_before_top_bar":"","ocean_shortcode_after_top_bar":"","ocean_shortcode_before_header":"","ocean_shortcode_after_header":"","ocean_has_shortcode":"","ocean_shortcode_after_title":"","ocean_shortcode_before_footer_widgets":"","ocean_shortcode_after_footer_widgets":"","ocean_shortcode_before_footer_bottom":"","ocean_shortcode_after_footer_bottom":"","ocean_display_top_bar":"default","ocean_display_header":"default","ocean_header_style":"","ocean_center_header_left_menu":"0","ocean_custom_header_template":"0","ocean_custom_logo":0,"ocean_custom_retina_logo":0,"ocean_custom_logo_max_width":0,"ocean_custom_logo_tablet_max_width":0,"ocean_custom_logo_mobile_max_width":0,"ocean_custom_logo_max_height":0,"ocean_custom_logo_tablet_max_height":0,"ocean_custom_logo_mobile_max_height":0,"ocean_header_custom_menu":"0","ocean_menu_typo_font_family":"0","ocean_menu_typo_font_subset":"","ocean_menu_typo_font_size":0,"ocean_menu_typo_font_size_tablet":0,"ocean_menu_typo_font_size_mobile":0,"ocean_menu_typo_font_size_unit":"px","ocean_menu_typo_font_weight":"","ocean_menu_typo_font_weight_tablet":"","ocean_menu_typo_font_weight_mobile":"","ocean_menu_typo_transform":"","ocean_menu_typo_transform_tablet":"","ocean_menu_typo_transform_mobile":"","ocean_menu_typo_line_height":0,"ocean_menu_typo_line_height_tablet":0,"ocean_menu_typo_line_height_mobile":0,"ocean_menu_typo_line_height_unit":"","ocean_menu_typo_spacing":0,"ocean_menu_typo_spacing_tablet":0,"ocean_menu_typo_spacing_mobile":0,"ocean_menu_typo_spacing_unit":"","ocean_menu_link_color":"","ocean_menu_link_color_hover":"","ocean_menu_link_color_active":"","ocean_menu_link_background":"","ocean_menu_link_hover_background":"","ocean_menu_link_active_background":"","ocean_menu_social_links_bg":"","ocean_menu_social_hover_links_bg":"","ocean_menu_social_links_color":"","ocean_menu_social_hover_links_color":"","ocean_disable_title":"default","ocean_disable_heading":"default","ocean_post_title":"","ocean_post_subheading":"","ocean_post_title_style":"","ocean_post_title_background_color":"","ocean_post_title_background":0,"ocean_post_title_bg_image_position":"","ocean_post_title_bg_image_attachment":"","ocean_post_title_bg_image_repeat":"","ocean_post_title_bg_image_size":"","ocean_post_title_height":0,"ocean_post_title_bg_overlay":0.5,"ocean_post_title_bg_overlay_color":"","ocean_disable_breadcrumbs":"default","ocean_breadcrumbs_color":"","ocean_breadcrumbs_separator_color":"","ocean_breadcrumbs_links_color":"","ocean_breadcrumbs_links_hover_color":"","ocean_display_footer_widgets":"default","ocean_display_footer_bottom":"default","ocean_custom_footer_template":"0","footnotes":""},"class_list":["post-17","page","type-page","status-publish","hentry","entry"],"_links":{"self":[{"href":"https:\/\/ciram.epagri.sc.gov.br\/index.php\/wp-json\/wp\/v2\/pages\/17","targetHints":{"allow":["GET"]}}],"collection":[{"href":"https:\/\/ciram.epagri.sc.gov.br\/index.php\/wp-json\/wp\/v2\/pages"}],"about":[{"href":"https:\/\/ciram.epagri.sc.gov.br\/index.php\/wp-json\/wp\/v2\/types\/page"}],"author":[{"embeddable":true,"href":"https:\/\/ciram.epagri.sc.gov.br\/index.php\/wp-json\/wp\/v2\/users\/1"}],"replies":[{"embeddable":true,"href":"https:\/\/ciram.epagri.sc.gov.br\/index.php\/wp-json\/wp\/v2\/comments?post=17"}],"version-history":[{"count":8,"href":"https:\/\/ciram.epagri.sc.gov.br\/index.php\/wp-json\/wp\/v2\/pages\/17\/revisions"}],"predecessor-version":[{"id":428,"href":"https:\/\/ciram.epagri.sc.gov.br\/index.php\/wp-json\/wp\/v2\/pages\/17\/revisions\/428"}],"wp:attachment":[{"href":"https:\/\/ciram.epagri.sc.gov.br\/index.php\/wp-json\/wp\/v2\/media?parent=17"}],"curies":[{"name":"wp","href":"https:\/\/api.w.org\/{rel}","templated":true}]}}