{"id":26440,"date":"2023-07-17T15:59:04","date_gmt":"2023-07-17T18:59:04","guid":{"rendered":"https:\/\/ciram.epagri.sc.gov.br\/?page_id=26440"},"modified":"2024-06-20T16:22:00","modified_gmt":"2024-06-20T19:22:00","slug":"serv-porto-prev","status":"publish","type":"page","link":"https:\/\/ciram.epagri.sc.gov.br\/index.php\/serv-porto-prev\/","title":{"rendered":"serv porto prev"},"content":{"rendered":"\t\t<div data-elementor-type=\"wp-page\" data-elementor-id=\"26440\" class=\"elementor elementor-26440\">\n\t\t\t\t\t\t<section class=\"elementor-section elementor-top-section elementor-element elementor-element-4b66d29 elementor-section-boxed elementor-section-height-default elementor-section-height-default\" data-id=\"4b66d29\" data-element_type=\"section\" data-e-type=\"section\">\n\t\t\t\t\t\t<div class=\"elementor-container elementor-column-gap-default\">\n\t\t\t\t\t<div class=\"elementor-column elementor-col-100 elementor-top-column elementor-element elementor-element-3d0f709\" data-id=\"3d0f709\" data-element_type=\"column\" data-e-type=\"column\">\n\t\t\t<div class=\"elementor-widget-wrap elementor-element-populated\">\n\t\t\t\t\t\t<div class=\"elementor-element elementor-element-d996fa2 elementor-widget elementor-widget-image\" data-id=\"d996fa2\" data-element_type=\"widget\" data-e-type=\"widget\" data-widget_type=\"image.default\">\n\t\t\t\t<div class=\"elementor-widget-container\">\n\t\t\t\t\t\t\t\t\t\t\t\t\t\t\t<img fetchpriority=\"high\" decoding=\"async\" width=\"960\" height=\"180\" src=\"https:\/\/ciram.epagri.sc.gov.br\/wp-content\/uploads\/2024\/06\/topo_babitonga_logo_2024.png\" class=\"attachment-large size-large wp-image-34680\" alt=\"\" srcset=\"https:\/\/ciram.epagri.sc.gov.br\/wp-content\/uploads\/2024\/06\/topo_babitonga_logo_2024.png 960w, https:\/\/ciram.epagri.sc.gov.br\/wp-content\/uploads\/2024\/06\/topo_babitonga_logo_2024-300x56.png 300w, https:\/\/ciram.epagri.sc.gov.br\/wp-content\/uploads\/2024\/06\/topo_babitonga_logo_2024-768x144.png 768w\" sizes=\"(max-width: 960px) 100vw, 960px\" \/>\t\t\t\t\t\t\t\t\t\t\t\t\t\t\t<\/div>\n\t\t\t\t<\/div>\n\t\t\t\t<div class=\"elementor-element elementor-element-ae1f6d9 elementor-widget elementor-widget-heading\" data-id=\"ae1f6d9\" data-element_type=\"widget\" data-e-type=\"widget\" data-widget_type=\"heading.default\">\n\t\t\t\t<div class=\"elementor-widget-container\">\n\t\t\t\t\t<h2 class=\"elementor-heading-title elementor-size-default\">Babitonga - Pontos Previs\u00e3o<\/h2>\t\t\t\t<\/div>\n\t\t\t\t<\/div>\n\t\t\t\t<div class=\"elementor-element elementor-element-657733f elementor-widget elementor-widget-text-editor\" data-id=\"657733f\" data-element_type=\"widget\" data-e-type=\"widget\" data-widget_type=\"text-editor.default\">\n\t\t\t\t<div class=\"elementor-widget-container\">\n\t\t\t\t\t\t\t\t\t<p><strong>Legenda:\u00a0 \u00a0 \u00a0<\/strong><span style=\"font-size: 14px; color: var( --e-global-color-text );\">Vel. Corr. = Velocidade Corrente (n\u00f3s)\u00a0 \u00a0 |\u00a0 \u00a0 \u00a0Dir. Corr. = Dire\u00e7\u00e3o Corrente (\u00ba)\u00a0 \u00a0|\u00a0 \u00a0Mare = Altura Mar\u00e9 (cm)<\/span><\/p>\t\t\t\t\t\t\t\t<\/div>\n\t\t\t\t<\/div>\n\t\t\t\t<div class=\"elementor-element elementor-element-ee79a9c elementor-widget elementor-widget-shortcode\" data-id=\"ee79a9c\" data-element_type=\"widget\" data-e-type=\"widget\" data-widget_type=\"shortcode.default\">\n\t\t\t\t<div class=\"elementor-widget-container\">\n\t\t\t\t\t\t\t<div class=\"elementor-shortcode\"><style type='text\/css'>\n.chart {\n  width: 100%; \n  min-height: 450px;\n}\n.row {\n  margin:0 !important;\n}\n        .small-table-font {\n                font-size: 11px;\n                margin-left:auto;\n                margin-right:auto;\n                width:70%;\n                background-color:#c7cfc7;\n                font-weight: bold;\n        }\n        .bold-font {\n                font-weight: bold;\n        }\n.cssTableCell {\n                font-size: 12px;\n                border: solid 2px #FFFFFF;\n                text-align: right;\n            }\n<\/style> \n<script src=\"https:\/\/www.google.com\/jsapi\" type=\"text\/javascript\"><\/script>\n<script type=\"text\/javascript\">\/\/ <![CDATA[\n    google.load('visualization', '1', {'packages':['corechart','table']}); \n    google.setOnLoadCallback(drawChart);  \nwindow.onresize = function() {  \ngoogle.setOnLoadCallback(drawChart);      \n}    \n    function drawChart() {\n      var jsonData1= jQuery.ajax({\n          url: \"https:\/\/ciram.epagri.sc.gov.br\/graficos\/getDataBabi_100001.php\",\n          dataType:\"json\",\n          async: false\n          }).responseText;          \n var jsonData2= jQuery.ajax({\n          url: \"https:\/\/ciram.epagri.sc.gov.br\/graficos\/getDataBabi_100002.php\",\n          dataType:\"json\",\n          async: false\n          }).responseText;          \nvar jsonData3= jQuery.ajax({\n          url: \"https:\/\/ciram.epagri.sc.gov.br\/graficos\/getDataBabi_100003.php\",\n          dataType:\"json\",\n          async: false\n          }).responseText;         \n      \/\/ Create our data table out of JSON data loaded from server.      \nvar jsonData4= jQuery.ajax({\n          url: \"https:\/\/ciram.epagri.sc.gov.br\/graficos\/getDataBabi_100004.php\",\n          dataType:\"json\",\n          async: false\n          }).responseText;       \nvar jsonData5= jQuery.ajax({\n          url: \"https:\/\/ciram.epagri.sc.gov.br\/graficos\/getDataBabi_100005.php\",\n          dataType:\"json\",\n          async: false\n          }).responseText;  \nvar jsonData6= jQuery.ajax({\n          url: \"https:\/\/ciram.epagri.sc.gov.br\/graficos\/getDataBabi_102901.php\",\n          dataType:\"json\",\n          async: false\n          }).responseText;   \nvar jsonData7= jQuery.ajax({\n          url: \"https:\/\/ciram.epagri.sc.gov.br\/graficos\/getDataBabi_102903.php\",\n          dataType:\"json\",\n          async: false\n          }).responseText;                \nvar jsonData8= jQuery.ajax({\n          url: \"https:\/\/ciram.epagri.sc.gov.br\/graficos\/getDataBabi_102909.php\",\n          dataType:\"json\",\n          async: false\n          }).responseText;       \n      var data1 = new google.visualization.DataTable(jsonData1);      \n      var data2 = new google.visualization.DataTable(jsonData2);   \n      var data3 = new google.visualization.DataTable(jsonData3);   \n      var data4 = new google.visualization.DataTable(jsonData4);   \n      var data5 = new google.visualization.DataTable(jsonData5);  \n      var data6 = new google.visualization.DataTable(jsonData6);  \n      var data7 = new google.visualization.DataTable(jsonData7);  \n      var data8 = new google.visualization.DataTable(jsonData8);  \n\/\/css\ndata1.setProperty(0, 0, 'style', 'width:89px');\ndata1.setProperty(0, 1, 'style', 'width:85px');\ndata1.setProperty(0, 2, 'style', 'width:75px');\nvar cssClassNames = {\n'headerRow': 'small-table-font',\n    'tableRow': '',\n    'selectedTableRow': 'orange-background large-font',\n    'hoverTableRow': '',\n    'headerCell': 'gold-border',\n    'tableCell': 'cssTableCell',\n    'rowNumberCell': 'underline-blue-font'};\n      \/\/ Instantiate and draw our chart, passing in some options.   \n        var table1 = new google.visualization.Table(document.getElementById('table_div1'));\n var table2 = new google.visualization.Table(document.getElementById('table_div2'));\nvar table3 = new google.visualization.Table(document.getElementById('table_div3'));\nvar table4 = new google.visualization.Table(document.getElementById('table_div4'));\nvar table5 = new google.visualization.Table(document.getElementById('table_div5'));\nvar table6 = new google.visualization.Table(document.getElementById('table_div6'));\nvar table7 = new google.visualization.Table(document.getElementById('table_div7'));\nvar table8 = new google.visualization.Table(document.getElementById('table_div8'));\ntable1.draw(data1, {showRowNumber: false,allowHtml: true,\ncssClassNames: cssClassNames});   \ntable2.draw(data2, {showRowNumber: false,allowHtml: true,\ncssClassNames: cssClassNames});  \ntable3.draw(data3, {showRowNumber: false,allowHtml: true,\ncssClassNames: cssClassNames});  \ntable4.draw(data4, {showRowNumber: false,allowHtml: true,\ncssClassNames: cssClassNames});  \ntable5.draw(data5, {showRowNumber: false,allowHtml: true,\ncssClassNames: cssClassNames});  \ntable6.draw(data6, {showRowNumber: false,allowHtml: true,\ncssClassNames: cssClassNames});  \ntable7.draw(data7, {showRowNumber: false,allowHtml: true,\ncssClassNames: cssClassNames});  \ntable8.draw(data8, {showRowNumber: false,allowHtml: true,\ncssClassNames: cssClassNames});  \n    }\n\/\/ ]]><\/script><\/div>\n\t\t\t\t\t\t<\/div>\n\t\t\t\t<\/div>\n\t\t\t\t\t<\/div>\n\t\t<\/div>\n\t\t\t\t\t<\/div>\n\t\t<\/section>\n\t\t\t\t<section class=\"elementor-section elementor-top-section elementor-element elementor-element-00dba53 elementor-section-boxed elementor-section-height-default elementor-section-height-default\" data-id=\"00dba53\" data-element_type=\"section\" data-e-type=\"section\">\n\t\t\t\t\t\t<div class=\"elementor-container elementor-column-gap-default\">\n\t\t\t\t\t<div class=\"elementor-column elementor-col-25 elementor-top-column elementor-element elementor-element-b2c4ecb\" data-id=\"b2c4ecb\" data-element_type=\"column\" data-e-type=\"column\">\n\t\t\t<div class=\"elementor-widget-wrap elementor-element-populated\">\n\t\t\t\t\t\t<div class=\"elementor-element elementor-element-71e5630 elementor-widget elementor-widget-html\" data-id=\"71e5630\" data-element_type=\"widget\" data-e-type=\"widget\" data-widget_type=\"html.default\">\n\t\t\t\t<div class=\"elementor-widget-container\">\n\t\t\t\t\t<b>Ilha da Paz<\/b><div id=\"table_div6\"><\/div>\t\t\t\t<\/div>\n\t\t\t\t<\/div>\n\t\t\t\t\t<\/div>\n\t\t<\/div>\n\t\t\t\t<div class=\"elementor-column elementor-col-25 elementor-top-column elementor-element elementor-element-234b5a3\" data-id=\"234b5a3\" data-element_type=\"column\" data-e-type=\"column\">\n\t\t\t<div class=\"elementor-widget-wrap elementor-element-populated\">\n\t\t\t\t\t\t<div class=\"elementor-element elementor-element-cef1c2c elementor-widget elementor-widget-html\" data-id=\"cef1c2c\" data-element_type=\"widget\" data-e-type=\"widget\" data-widget_type=\"html.default\">\n\t\t\t\t<div class=\"elementor-widget-container\">\n\t\t\t\t\t<b>Boia 12<\/b><div id=\"table_div1\"><\/div>\t\t\t\t<\/div>\n\t\t\t\t<\/div>\n\t\t\t\t\t<\/div>\n\t\t<\/div>\n\t\t\t\t<div class=\"elementor-column elementor-col-25 elementor-top-column elementor-element elementor-element-ca5462f\" data-id=\"ca5462f\" data-element_type=\"column\" data-e-type=\"column\">\n\t\t\t<div class=\"elementor-widget-wrap elementor-element-populated\">\n\t\t\t\t\t\t<div class=\"elementor-element elementor-element-bec04a3 elementor-widget elementor-widget-html\" data-id=\"bec04a3\" data-element_type=\"widget\" data-e-type=\"widget\" data-widget_type=\"html.default\">\n\t\t\t\t<div class=\"elementor-widget-container\">\n\t\t\t\t\t<b>Porto de Itapo\u00e1<\/b><div id=\"table_div7\"><\/div>\t\t\t\t<\/div>\n\t\t\t\t<\/div>\n\t\t\t\t\t<\/div>\n\t\t<\/div>\n\t\t\t\t<div class=\"elementor-column elementor-col-25 elementor-top-column elementor-element elementor-element-6a96389\" data-id=\"6a96389\" data-element_type=\"column\" data-e-type=\"column\">\n\t\t\t<div class=\"elementor-widget-wrap elementor-element-populated\">\n\t\t\t\t\t\t<div class=\"elementor-element elementor-element-9c1dfe4 elementor-widget elementor-widget-html\" data-id=\"9c1dfe4\" data-element_type=\"widget\" data-e-type=\"widget\" data-widget_type=\"html.default\">\n\t\t\t\t<div class=\"elementor-widget-container\">\n\t\t\t\t\t<b>Boia do Graneleiro<\/b><div id=\"table_div2\"><\/div>\t\t\t\t<\/div>\n\t\t\t\t<\/div>\n\t\t\t\t\t<\/div>\n\t\t<\/div>\n\t\t\t\t\t<\/div>\n\t\t<\/section>\n\t\t\t\t<section class=\"elementor-section elementor-top-section elementor-element elementor-element-11f89d1 elementor-section-boxed elementor-section-height-default elementor-section-height-default\" data-id=\"11f89d1\" data-element_type=\"section\" data-e-type=\"section\">\n\t\t\t\t\t\t<div class=\"elementor-container elementor-column-gap-default\">\n\t\t\t\t\t<div class=\"elementor-column elementor-col-25 elementor-top-column elementor-element elementor-element-4ab6c91\" data-id=\"4ab6c91\" data-element_type=\"column\" data-e-type=\"column\">\n\t\t\t<div class=\"elementor-widget-wrap elementor-element-populated\">\n\t\t\t\t\t\t<div class=\"elementor-element elementor-element-93ae284 elementor-widget elementor-widget-html\" data-id=\"93ae284\" data-element_type=\"widget\" data-e-type=\"widget\" data-widget_type=\"html.default\">\n\t\t\t\t<div class=\"elementor-widget-container\">\n\t\t\t\t\t<b>Boia da Laje do Parcel da Torre<\/b><div id=\"table_div3\"><\/div>\t\t\t\t<\/div>\n\t\t\t\t<\/div>\n\t\t\t\t\t<\/div>\n\t\t<\/div>\n\t\t\t\t<div class=\"elementor-column elementor-col-25 elementor-top-column elementor-element elementor-element-534f06d\" data-id=\"534f06d\" data-element_type=\"column\" data-e-type=\"column\">\n\t\t\t<div class=\"elementor-widget-wrap elementor-element-populated\">\n\t\t\t\t\t\t<div class=\"elementor-element elementor-element-d786af0 elementor-widget elementor-widget-html\" data-id=\"d786af0\" data-element_type=\"widget\" data-e-type=\"widget\" data-widget_type=\"html.default\">\n\t\t\t\t<div class=\"elementor-widget-container\">\n\t\t\t\t\t<b>Porto de S\u00e3o Francisco do Sul<\/b><div id=\"table_div8\"><\/div>\t\t\t\t<\/div>\n\t\t\t\t<\/div>\n\t\t\t\t\t<\/div>\n\t\t<\/div>\n\t\t\t\t<div class=\"elementor-column elementor-col-25 elementor-top-column elementor-element elementor-element-e2557a7\" data-id=\"e2557a7\" data-element_type=\"column\" data-e-type=\"column\">\n\t\t\t<div class=\"elementor-widget-wrap elementor-element-populated\">\n\t\t\t\t\t\t<div class=\"elementor-element elementor-element-94435ff elementor-widget elementor-widget-html\" data-id=\"94435ff\" data-element_type=\"widget\" data-e-type=\"widget\" data-widget_type=\"html.default\">\n\t\t\t\t<div class=\"elementor-widget-container\">\n\t\t\t\t\t<b>Boia do Muchocho<\/b><div id=\"table_div4\"><\/div>\t\t\t\t<\/div>\n\t\t\t\t<\/div>\n\t\t\t\t\t<\/div>\n\t\t<\/div>\n\t\t\t\t<div class=\"elementor-column elementor-col-25 elementor-top-column elementor-element elementor-element-d4318a5\" data-id=\"d4318a5\" data-element_type=\"column\" data-e-type=\"column\">\n\t\t\t<div class=\"elementor-widget-wrap elementor-element-populated\">\n\t\t\t\t\t\t<div class=\"elementor-element elementor-element-52bd1ab elementor-widget elementor-widget-html\" data-id=\"52bd1ab\" data-element_type=\"widget\" data-e-type=\"widget\" data-widget_type=\"html.default\">\n\t\t\t\t<div class=\"elementor-widget-container\">\n\t\t\t\t\t<b>Quina do ber\u00e7o 301<\/b><div id=\"table_div5\"><\/div>\t\t\t\t<\/div>\n\t\t\t\t<\/div>\n\t\t\t\t\t<\/div>\n\t\t<\/div>\n\t\t\t\t\t<\/div>\n\t\t<\/section>\n\t\t\t\t<\/div>\n\t\t","protected":false},"excerpt":{"rendered":"<p>Babitonga &#8211; Pontos Previs\u00e3o Legenda:\u00a0 \u00a0 \u00a0Vel. Corr. = Velocidade Corrente (n\u00f3s)\u00a0 \u00a0 |\u00a0 \u00a0 \u00a0Dir. Corr. = Dire\u00e7\u00e3o Corrente (\u00ba)\u00a0 \u00a0|\u00a0 \u00a0Mare = Altura Mar\u00e9 (cm) Ilha da Paz Boia 12 Porto de Itapo\u00e1 Boia do Graneleiro Boia da Laje do Parcel da Torre Porto de S\u00e3o Francisco do Sul Boia do Muchocho Quina [&hellip;]<\/p>\n","protected":false},"author":3,"featured_media":0,"parent":0,"menu_order":0,"comment_status":"closed","ping_status":"closed","template":"elementor_canvas","meta":{"ocean_post_layout":"","ocean_both_sidebars_style":"","ocean_both_sidebars_content_width":0,"ocean_both_sidebars_sidebars_width":0,"ocean_sidebar":"0","ocean_second_sidebar":"0","ocean_disable_margins":"enable","ocean_add_body_class":"","ocean_shortcode_before_top_bar":"","ocean_shortcode_after_top_bar":"","ocean_shortcode_before_header":"","ocean_shortcode_after_header":"","ocean_has_shortcode":"","ocean_shortcode_after_title":"","ocean_shortcode_before_footer_widgets":"","ocean_shortcode_after_footer_widgets":"","ocean_shortcode_before_footer_bottom":"","ocean_shortcode_after_footer_bottom":"","ocean_display_top_bar":"default","ocean_display_header":"default","ocean_header_style":"","ocean_center_header_left_menu":"0","ocean_custom_header_template":"0","ocean_custom_logo":0,"ocean_custom_retina_logo":0,"ocean_custom_logo_max_width":0,"ocean_custom_logo_tablet_max_width":0,"ocean_custom_logo_mobile_max_width":0,"ocean_custom_logo_max_height":0,"ocean_custom_logo_tablet_max_height":0,"ocean_custom_logo_mobile_max_height":0,"ocean_header_custom_menu":"0","ocean_menu_typo_font_family":"0","ocean_menu_typo_font_subset":"","ocean_menu_typo_font_size":0,"ocean_menu_typo_font_size_tablet":0,"ocean_menu_typo_font_size_mobile":0,"ocean_menu_typo_font_size_unit":"px","ocean_menu_typo_font_weight":"","ocean_menu_typo_font_weight_tablet":"","ocean_menu_typo_font_weight_mobile":"","ocean_menu_typo_transform":"","ocean_menu_typo_transform_tablet":"","ocean_menu_typo_transform_mobile":"","ocean_menu_typo_line_height":0,"ocean_menu_typo_line_height_tablet":0,"ocean_menu_typo_line_height_mobile":0,"ocean_menu_typo_line_height_unit":"","ocean_menu_typo_spacing":0,"ocean_menu_typo_spacing_tablet":0,"ocean_menu_typo_spacing_mobile":0,"ocean_menu_typo_spacing_unit":"","ocean_menu_link_color":"","ocean_menu_link_color_hover":"","ocean_menu_link_color_active":"","ocean_menu_link_background":"","ocean_menu_link_hover_background":"","ocean_menu_link_active_background":"","ocean_menu_social_links_bg":"","ocean_menu_social_hover_links_bg":"","ocean_menu_social_links_color":"","ocean_menu_social_hover_links_color":"","ocean_disable_title":"default","ocean_disable_heading":"default","ocean_post_title":"","ocean_post_subheading":"","ocean_post_title_style":"","ocean_post_title_background_color":"","ocean_post_title_background":0,"ocean_post_title_bg_image_position":"","ocean_post_title_bg_image_attachment":"","ocean_post_title_bg_image_repeat":"","ocean_post_title_bg_image_size":"","ocean_post_title_height":0,"ocean_post_title_bg_overlay":0.5,"ocean_post_title_bg_overlay_color":"","ocean_disable_breadcrumbs":"default","ocean_breadcrumbs_color":"","ocean_breadcrumbs_separator_color":"","ocean_breadcrumbs_links_color":"","ocean_breadcrumbs_links_hover_color":"","ocean_display_footer_widgets":"default","ocean_display_footer_bottom":"default","ocean_custom_footer_template":"0","footnotes":""},"class_list":["post-26440","page","type-page","status-publish","hentry","entry"],"_links":{"self":[{"href":"https:\/\/ciram.epagri.sc.gov.br\/index.php\/wp-json\/wp\/v2\/pages\/26440","targetHints":{"allow":["GET"]}}],"collection":[{"href":"https:\/\/ciram.epagri.sc.gov.br\/index.php\/wp-json\/wp\/v2\/pages"}],"about":[{"href":"https:\/\/ciram.epagri.sc.gov.br\/index.php\/wp-json\/wp\/v2\/types\/page"}],"author":[{"embeddable":true,"href":"https:\/\/ciram.epagri.sc.gov.br\/index.php\/wp-json\/wp\/v2\/users\/3"}],"replies":[{"embeddable":true,"href":"https:\/\/ciram.epagri.sc.gov.br\/index.php\/wp-json\/wp\/v2\/comments?post=26440"}],"version-history":[{"count":238,"href":"https:\/\/ciram.epagri.sc.gov.br\/index.php\/wp-json\/wp\/v2\/pages\/26440\/revisions"}],"predecessor-version":[{"id":34686,"href":"https:\/\/ciram.epagri.sc.gov.br\/index.php\/wp-json\/wp\/v2\/pages\/26440\/revisions\/34686"}],"wp:attachment":[{"href":"https:\/\/ciram.epagri.sc.gov.br\/index.php\/wp-json\/wp\/v2\/media?parent=26440"}],"curies":[{"name":"wp","href":"https:\/\/api.w.org\/{rel}","templated":true}]}}