{"id":26682,"date":"2023-07-18T11:13:07","date_gmt":"2023-07-18T14:13:07","guid":{"rendered":"https:\/\/ciram.epagri.sc.gov.br\/?page_id=26682"},"modified":"2024-06-20T16:22:41","modified_gmt":"2024-06-20T19:22:41","slug":"serv-porto-prev-graf","status":"publish","type":"page","link":"https:\/\/ciram.epagri.sc.gov.br\/index.php\/serv-porto-prev-graf\/","title":{"rendered":"serv porto prev graf"},"content":{"rendered":"\t\t<div data-elementor-type=\"wp-page\" data-elementor-id=\"26682\" class=\"elementor elementor-26682\">\n\t\t\t\t\t\t<section class=\"elementor-section elementor-top-section elementor-element elementor-element-c7e944a elementor-section-boxed elementor-section-height-default elementor-section-height-default\" data-id=\"c7e944a\" data-element_type=\"section\" data-e-type=\"section\">\n\t\t\t\t\t\t<div class=\"elementor-container elementor-column-gap-default\">\n\t\t\t\t\t<div class=\"elementor-column elementor-col-100 elementor-top-column elementor-element elementor-element-1612e79\" data-id=\"1612e79\" data-element_type=\"column\" data-e-type=\"column\">\n\t\t\t<div class=\"elementor-widget-wrap elementor-element-populated\">\n\t\t\t\t\t\t<div class=\"elementor-element elementor-element-a877207 elementor-widget elementor-widget-image\" data-id=\"a877207\" data-element_type=\"widget\" data-e-type=\"widget\" data-widget_type=\"image.default\">\n\t\t\t\t<div class=\"elementor-widget-container\">\n\t\t\t\t\t\t\t\t\t\t\t\t\t\t\t<img fetchpriority=\"high\" decoding=\"async\" width=\"960\" height=\"180\" src=\"https:\/\/ciram.epagri.sc.gov.br\/wp-content\/uploads\/2024\/06\/topo_babitonga_logo_2024.png\" class=\"attachment-large size-large wp-image-34680\" alt=\"\" srcset=\"https:\/\/ciram.epagri.sc.gov.br\/wp-content\/uploads\/2024\/06\/topo_babitonga_logo_2024.png 960w, https:\/\/ciram.epagri.sc.gov.br\/wp-content\/uploads\/2024\/06\/topo_babitonga_logo_2024-300x56.png 300w, https:\/\/ciram.epagri.sc.gov.br\/wp-content\/uploads\/2024\/06\/topo_babitonga_logo_2024-768x144.png 768w\" sizes=\"(max-width: 960px) 100vw, 960px\" \/>\t\t\t\t\t\t\t\t\t\t\t\t\t\t\t<\/div>\n\t\t\t\t<\/div>\n\t\t\t\t<div class=\"elementor-element elementor-element-b9a2e40 elementor-widget elementor-widget-heading\" data-id=\"b9a2e40\" data-element_type=\"widget\" data-e-type=\"widget\" data-widget_type=\"heading.default\">\n\t\t\t\t<div class=\"elementor-widget-container\">\n\t\t\t\t\t<h2 class=\"elementor-heading-title elementor-size-default\">Babitonga - Pontos Previs\u00e3o<\/h2>\t\t\t\t<\/div>\n\t\t\t\t<\/div>\n\t\t\t\t<div class=\"elementor-element elementor-element-5f1d98f elementor-widget elementor-widget-shortcode\" data-id=\"5f1d98f\" data-element_type=\"widget\" data-e-type=\"widget\" data-widget_type=\"shortcode.default\">\n\t\t\t\t<div class=\"elementor-widget-container\">\n\t\t\t\t\t\t\t<div class=\"elementor-shortcode\"><style type='text\/css'>\n.chart {\n  width: 100%; \n  min-height: 450px;\n}\n.row {\n  margin:0 !important;\n}\n        .small-table-font {\n                font-size: 11px;\n                margin-left:auto;\n                margin-right:auto;\n                width:70%;\n                background-color:#c7cfc7;\n                font-weight: bold;\n        }\n        .bold-font {\n                font-weight: bold;\n        }\n.cssTableCell {\n                font-size: 12px;\n                border: solid 2px #FFFFFF;\n            }\n<\/style> \n<script src=\"https:\/\/www.google.com\/jsapi\" type=\"text\/javascript\"><\/script>\n<script type=\"text\/javascript\">\/\/ <![CDATA[\n    google.load('visualization', '1', {'packages':['corechart','table']}); \n    google.setOnLoadCallback(drawChart);  \nwindow.onresize = function() {  \ngoogle.setOnLoadCallback(drawChart);      \n}    \n    function drawChart() {\n      var jsonData1= jQuery.ajax({\n          url: \"https:\/\/ciram.epagri.sc.gov.br\/graficos\/getDataBabi_100001.php\",\n          dataType:\"json\",\n          async: false\n          }).responseText;          \n var jsonData2= jQuery.ajax({\n          url: \"https:\/\/ciram.epagri.sc.gov.br\/graficos\/getDataBabi_100002.php\",\n          dataType:\"json\",\n          async: false\n          }).responseText;          \nvar jsonData3= jQuery.ajax({\n          url: \"https:\/\/ciram.epagri.sc.gov.br\/graficos\/getDataBabi_100003.php\",\n          dataType:\"json\",\n          async: false\n          }).responseText;         \n      \/\/ Create our data table out of JSON data loaded from server.      \nvar jsonData4= jQuery.ajax({\n          url: \"https:\/\/ciram.epagri.sc.gov.br\/graficos\/getDataBabi_100004.php\",\n          dataType:\"json\",\n          async: false\n          }).responseText;       \nvar jsonData5= jQuery.ajax({\n          url: \"https:\/\/ciram.epagri.sc.gov.br\/graficos\/getDataBabi_100005.php\",\n          dataType:\"json\",\n          async: false\n          }).responseText;  \nvar jsonData6= jQuery.ajax({\n          url: \"https:\/\/ciram.epagri.sc.gov.br\/graficos\/getDataBabi_102901.php\",\n          dataType:\"json\",\n          async: false\n          }).responseText;   \nvar jsonData7= jQuery.ajax({\n          url: \"https:\/\/ciram.epagri.sc.gov.br\/graficos\/getDataBabi_102903.php\",\n          dataType:\"json\",\n          async: false\n          }).responseText;                \nvar jsonData8= jQuery.ajax({\n          url: \"https:\/\/ciram.epagri.sc.gov.br\/graficos\/getDataBabi_102909.php\",\n          dataType:\"json\",\n          async: false\n          }).responseText;       \nvar data1 = new google.visualization.DataTable(jsonData1);\nvar view1 = new google.visualization.DataView(data1);\nview1.hideColumns([2]);  \/\/ array of column indexes to hide\nvar data2 = new google.visualization.DataTable(jsonData2);   \nvar view2 = new google.visualization.DataView(data2);\nview2.hideColumns([2]);  \/\/ array of column indexes to hide\n      var data3 = new google.visualization.DataTable(jsonData3);   \nvar view3 = new google.visualization.DataView(data3);\nview3.hideColumns([2]);  \/\/ array of column indexes to hide\n      var data4 = new google.visualization.DataTable(jsonData4);   \nvar view4 = new google.visualization.DataView(data4);\nview4.hideColumns([2]);  \/\/ array of column indexes to hide\n      var data5 = new google.visualization.DataTable(jsonData5);  \nvar view5 = new google.visualization.DataView(data5);\nview5.hideColumns([2]);  \/\/ array of column indexes to hide\n      var data6 = new google.visualization.DataTable(jsonData6);  \nvar view6 = new google.visualization.DataView(data6);\nview6.hideColumns([2]);  \/\/ array of column indexes to hide\n      var data7 = new google.visualization.DataTable(jsonData7);  \nvar view7 = new google.visualization.DataView(data7);\nview7.hideColumns([2]);  \/\/ array of column indexes to hide\n      var data8 = new google.visualization.DataTable(jsonData8);        \nvar view8 = new google.visualization.DataView(data8);\nview8.hideColumns([2]);  \/\/ array of column indexes to hide\n      \/\/ Instantiate and draw our chart, passing in some options.   \nvar chart1 = new google.visualization.LineChart(document.getElementById('chart_div1'));\n      chart1.draw(view1, {\nwidth: 550, height: 400,\n       colors: ['#9966FF','#ff8c00'],\n               chartArea: {width:\"85%\",height:\"80%\"},\nseries: {\n   2: {targetAxisIndex: 0, type: 'line'},\n   0: {targetAxisIndex: 1, type: 'column'},       \n},    legendTextStyle: {color:'#666666'}, \nvAxes:  { 0: { title : 'Mar\u00e9 (cm)', minValue : '0', maxValue : '200'},\n1: { title : 'Veloc. Corrente (n\u00f3s)', direction : '1', minValue : '5'}\n},\n               legend: {position: 'top', textStyle: {fontSize: 11}}, \n               vAxis: { textStyle: {fontSize: 11},\n  gridlines: {count: 5}\n},\n               hAxis: {title: 'Data\/Hora', \n               titleTextStyle: {color: '#5c5c5c'},\n               slantedText:true, slantedTextAngle:15,\n               textStyle: {fontSize: 8}\n}\n              });     \nvar chart2 = new google.visualization.LineChart(document.getElementById('chart_div2'));\n      chart2.draw(view2, {\nwidth: 550, height: 400,\n       colors: ['#9966FF','#ff8c00'],\n               chartArea: {width:\"85%\",height:\"80%\"},\nseries: {\n   2: {targetAxisIndex: 0, type: 'line'},\n   0: {targetAxisIndex: 1, type: 'column'},       \n},    legendTextStyle: {color:'#666666'}, \nvAxes:  { 0: { title : 'Mar\u00e9 (cm)', minValue : '0', maxValue : '200'},\n1: { title : 'Veloc. Corrente (n\u00f3s)', direction : '1', minValue : '5'}\n},\n               legend: {position: 'top', textStyle: {fontSize: 11}}, \n               vAxis: { textStyle: {fontSize: 11},\n  gridlines: {count: 5}\n},\n               hAxis: {title: 'Data\/Hora', \n               titleTextStyle: {color: '#5c5c5c'},\n               slantedText:true, slantedTextAngle:15,\n               textStyle: {fontSize: 8}\n}\n              });        \n  var chart3 = new google.visualization.LineChart(document.getElementById('chart_div3'));\n      chart3.draw(view3, {\nwidth: 550, height: 400,\n       colors: ['#9966FF','#ff8c00'],\n               chartArea: {width:\"85%\",height:\"80%\"},\nseries: {\n   2: {targetAxisIndex: 0, type: 'line'},\n   0: {targetAxisIndex: 1, type: 'column'},       \n},    legendTextStyle: {color:'#666666'}, \nvAxes:  { 0: { title : 'Mar\u00e9 (cm)', minValue : '0', maxValue : '200'},\n1: { title : 'Veloc. Corrente (n\u00f3s)', direction : '1', minValue : '5'}\n},\n               legend: {position: 'top', textStyle: {fontSize: 11}}, \n               vAxis: { textStyle: {fontSize: 11},\n  gridlines: {count: 5}\n},\n               hAxis: {title: 'Data\/Hora', \n               titleTextStyle: {color: '#5c5c5c'},\n               slantedText:true, slantedTextAngle:15,\n               textStyle: {fontSize: 8}\n}\n              });   \nvar chart4 = new google.visualization.LineChart(document.getElementById('chart_div4'));\n      chart4.draw(view4, {\nwidth: 550, height: 400,\n       colors: ['#9966FF','#ff8c00'],\n               chartArea: {width:\"85%\",height:\"80%\"},\nseries: {\n   2: {targetAxisIndex: 0, type: 'line'},\n   0: {targetAxisIndex: 1, type: 'column'},       \n},    legendTextStyle: {color:'#666666'}, \nvAxes:  { 0: { title : 'Mar\u00e9 (cm)', minValue : '0', maxValue : '200'},\n1: { title : 'Veloc. Corrente (n\u00f3s)', direction : '1', minValue : '5'}\n},\n               legend: {position: 'top', textStyle: {fontSize: 11}}, \n               vAxis: { textStyle: {fontSize: 11},\n  gridlines: {count: 5}\n},\n               hAxis: {title: 'Data\/Hora', \n               titleTextStyle: {color: '#5c5c5c'},\n               slantedText:true, slantedTextAngle:15,\n               textStyle: {fontSize: 8}\n}\n              });    \nvar chart5 = new google.visualization.LineChart(document.getElementById('chart_div5'));\n      chart5.draw(view5, {\nwidth: 550, height: 400,\n       colors: ['#9966FF','#ff8c00'],\n               chartArea: {width:\"85%\",height:\"80%\"},\nseries: {\n   2: {targetAxisIndex: 0, type: 'line'},\n   0: {targetAxisIndex: 1, type: 'column'},       \n},    legendTextStyle: {color:'#666666'}, \nvAxes:  { 0: { title : 'Mar\u00e9 (cm)', minValue : '0', maxValue : '200'},\n1: { title : 'Veloc. Corrente (n\u00f3s)', direction : '1', minValue : '5'}\n},\n               legend: {position: 'top', textStyle: {fontSize: 11}}, \n               vAxis: { textStyle: {fontSize: 11},\n  gridlines: {count: 5}\n},\n               hAxis: {title: 'Data\/Hora', \n               titleTextStyle: {color: '#5c5c5c'},\n               slantedText:true, slantedTextAngle:15,\n               textStyle: {fontSize: 8}\n}\n              });   \nvar chart6 = new google.visualization.LineChart(document.getElementById('chart_div6'));\n      chart6.draw(view6, {\nwidth: 550, height: 400,\n       colors: ['#9966FF','#ff8c00'],\n               chartArea: {width:\"85%\",height:\"80%\"},\nseries: {\n   2: {targetAxisIndex: 0, type: 'line'},\n   0: {targetAxisIndex: 1, type: 'column'},       \n},    legendTextStyle: {color:'#666666'}, \nvAxes:  { 0: { title : 'Mar\u00e9 (cm)', minValue : '0', maxValue : '200'},\n1: { title : 'Veloc. Corrente (n\u00f3s)', direction : '1', minValue : '5'}\n},\n               legend: {position: 'top', textStyle: {fontSize: 11}}, \n               vAxis: { textStyle: {fontSize: 11},\n  gridlines: {count: 5}\n},\n               hAxis: {title: 'Data\/Hora', \n               titleTextStyle: {color: '#5c5c5c'},\n               slantedText:true, slantedTextAngle:15,\n               textStyle: {fontSize: 8}\n}\n              });   \nvar chart7 = new google.visualization.LineChart(document.getElementById('chart_div7'));\n      chart7.draw(view7, {\nwidth: 550, height: 400,\n       colors: ['#9966FF','#ff8c00'],\n               chartArea: {width:\"85%\",height:\"80%\"},\nseries: {\n   2: {targetAxisIndex: 0, type: 'line'},\n   0: {targetAxisIndex: 1, type: 'column'},       \n},    legendTextStyle: {color:'#666666'}, \nvAxes:  { 0: { title : 'Mar\u00e9 (cm)', minValue : '0', maxValue : '200'},\n1: { title : 'Veloc. Corrente (n\u00f3s)', direction : '1', minValue : '5'}\n},\n               legend: {position: 'top', textStyle: {fontSize: 11}}, \n               vAxis: { textStyle: {fontSize: 11},\n  gridlines: {count: 5}\n},\n               hAxis: {title: 'Data\/Hora', \n               titleTextStyle: {color: '#5c5c5c'},\n               slantedText:true, slantedTextAngle:15,\n               textStyle: {fontSize: 8}\n}\n              });  \nvar chart8 = new google.visualization.LineChart(document.getElementById('chart_div8'));\n      chart8.draw(view8, {\nwidth: 550, height: 400,\n       colors: ['#9966FF','#ff8c00'],\n               chartArea: {width:\"85%\",height:\"80%\"},\nseries: {\n   2: {targetAxisIndex: 0, type: 'line'},\n   0: {targetAxisIndex: 1, type: 'column'},       \n},    legendTextStyle: {color:'#666666'}, \nvAxes:  { 0: { title : 'Mar\u00e9 (cm)', minValue : '0', maxValue : '200'},\n1: { title : 'Veloc. Corrente (n\u00f3s)', direction : '1', minValue : '5'}\n},\n               legend: {position: 'top', textStyle: {fontSize: 11}}, \n               vAxis: { textStyle: {fontSize: 11},\n  gridlines: {count: 5}\n},\n               hAxis: {title: 'Data\/Hora', \n               titleTextStyle: {color: '#5c5c5c'},\n               slantedText:true, slantedTextAngle:15,\n               textStyle: {fontSize: 8}\n}\n              });    \n    }\n\/\/ ]]><\/script><\/div>\n\t\t\t\t\t\t<\/div>\n\t\t\t\t<\/div>\n\t\t\t\t\t<\/div>\n\t\t<\/div>\n\t\t\t\t\t<\/div>\n\t\t<\/section>\n\t\t\t\t<section class=\"elementor-section elementor-top-section elementor-element elementor-element-1eee182 elementor-section-boxed elementor-section-height-default elementor-section-height-default\" data-id=\"1eee182\" data-element_type=\"section\" data-e-type=\"section\">\n\t\t\t\t\t\t<div class=\"elementor-container elementor-column-gap-default\">\n\t\t\t\t\t<div class=\"elementor-column elementor-col-50 elementor-top-column elementor-element elementor-element-c11514e\" data-id=\"c11514e\" data-element_type=\"column\" data-e-type=\"column\">\n\t\t\t<div class=\"elementor-widget-wrap elementor-element-populated\">\n\t\t\t\t\t\t<div class=\"elementor-element elementor-element-8822ff0 elementor-widget elementor-widget-html\" data-id=\"8822ff0\" data-element_type=\"widget\" data-e-type=\"widget\" data-widget_type=\"html.default\">\n\t\t\t\t<div class=\"elementor-widget-container\">\n\t\t\t\t\t<b>Ilha da Paz<\/b><div id=\"chart_div6\" class=\"chart\"><\/div>\t\t\t\t<\/div>\n\t\t\t\t<\/div>\n\t\t\t\t\t<\/div>\n\t\t<\/div>\n\t\t\t\t<div class=\"elementor-column elementor-col-50 elementor-top-column elementor-element elementor-element-4d6282c\" data-id=\"4d6282c\" data-element_type=\"column\" data-e-type=\"column\">\n\t\t\t<div class=\"elementor-widget-wrap elementor-element-populated\">\n\t\t\t\t\t\t<div class=\"elementor-element elementor-element-f7e127a elementor-widget elementor-widget-html\" data-id=\"f7e127a\" data-element_type=\"widget\" data-e-type=\"widget\" data-widget_type=\"html.default\">\n\t\t\t\t<div class=\"elementor-widget-container\">\n\t\t\t\t\t<b>Boia 12<\/b><div id=\"chart_div1\" class=\"chart\"><\/div>\t\t\t\t<\/div>\n\t\t\t\t<\/div>\n\t\t\t\t\t<\/div>\n\t\t<\/div>\n\t\t\t\t\t<\/div>\n\t\t<\/section>\n\t\t\t\t<section class=\"elementor-section elementor-top-section elementor-element elementor-element-3d7f230 elementor-section-boxed elementor-section-height-default elementor-section-height-default\" data-id=\"3d7f230\" data-element_type=\"section\" data-e-type=\"section\">\n\t\t\t\t\t\t<div class=\"elementor-container elementor-column-gap-default\">\n\t\t\t\t\t<div class=\"elementor-column elementor-col-50 elementor-top-column elementor-element elementor-element-b301304\" data-id=\"b301304\" data-element_type=\"column\" data-e-type=\"column\">\n\t\t\t<div class=\"elementor-widget-wrap elementor-element-populated\">\n\t\t\t\t\t\t<div class=\"elementor-element elementor-element-75a1ee3 elementor-widget elementor-widget-html\" data-id=\"75a1ee3\" data-element_type=\"widget\" data-e-type=\"widget\" data-widget_type=\"html.default\">\n\t\t\t\t<div class=\"elementor-widget-container\">\n\t\t\t\t\t<b>Porto de Itapo\u00e1<\/b><div id=\"chart_div7\" class=\"chart\"><\/div>\t\t\t\t<\/div>\n\t\t\t\t<\/div>\n\t\t\t\t\t<\/div>\n\t\t<\/div>\n\t\t\t\t<div class=\"elementor-column elementor-col-50 elementor-top-column elementor-element elementor-element-e3ce1bf\" data-id=\"e3ce1bf\" data-element_type=\"column\" data-e-type=\"column\">\n\t\t\t<div class=\"elementor-widget-wrap elementor-element-populated\">\n\t\t\t\t\t\t<div class=\"elementor-element elementor-element-28a17d3 elementor-widget elementor-widget-html\" data-id=\"28a17d3\" data-element_type=\"widget\" data-e-type=\"widget\" data-widget_type=\"html.default\">\n\t\t\t\t<div class=\"elementor-widget-container\">\n\t\t\t\t\t<b>Boia do Graneleiro<\/b><div id=\"chart_div2\" class=\"chart\"><\/div>\t\t\t\t<\/div>\n\t\t\t\t<\/div>\n\t\t\t\t\t<\/div>\n\t\t<\/div>\n\t\t\t\t\t<\/div>\n\t\t<\/section>\n\t\t\t\t<section class=\"elementor-section elementor-top-section elementor-element elementor-element-5ddab49 elementor-section-boxed elementor-section-height-default elementor-section-height-default\" data-id=\"5ddab49\" data-element_type=\"section\" data-e-type=\"section\">\n\t\t\t\t\t\t<div class=\"elementor-container elementor-column-gap-default\">\n\t\t\t\t\t<div class=\"elementor-column elementor-col-50 elementor-top-column elementor-element elementor-element-b235805\" data-id=\"b235805\" data-element_type=\"column\" data-e-type=\"column\">\n\t\t\t<div class=\"elementor-widget-wrap elementor-element-populated\">\n\t\t\t\t\t\t<div class=\"elementor-element elementor-element-aa34064 elementor-widget elementor-widget-html\" data-id=\"aa34064\" data-element_type=\"widget\" data-e-type=\"widget\" data-widget_type=\"html.default\">\n\t\t\t\t<div class=\"elementor-widget-container\">\n\t\t\t\t\t<b>Boia da Laje do Parcel da Torre<\/b><div id=\"chart_div3\" class=\"chart\"><\/div>\t\t\t\t<\/div>\n\t\t\t\t<\/div>\n\t\t\t\t\t<\/div>\n\t\t<\/div>\n\t\t\t\t<div class=\"elementor-column elementor-col-50 elementor-top-column elementor-element elementor-element-6209377\" data-id=\"6209377\" data-element_type=\"column\" data-e-type=\"column\">\n\t\t\t<div class=\"elementor-widget-wrap elementor-element-populated\">\n\t\t\t\t\t\t<div class=\"elementor-element elementor-element-ffc532e elementor-widget elementor-widget-html\" data-id=\"ffc532e\" data-element_type=\"widget\" data-e-type=\"widget\" data-widget_type=\"html.default\">\n\t\t\t\t<div class=\"elementor-widget-container\">\n\t\t\t\t\t<b>Porto de S\u00e3o Francisco do Sul<\/b><div id=\"chart_div8\" class=\"chart\"><\/div>\t\t\t\t<\/div>\n\t\t\t\t<\/div>\n\t\t\t\t\t<\/div>\n\t\t<\/div>\n\t\t\t\t\t<\/div>\n\t\t<\/section>\n\t\t\t\t<section class=\"elementor-section elementor-top-section elementor-element elementor-element-5bb8596 elementor-section-boxed elementor-section-height-default elementor-section-height-default\" data-id=\"5bb8596\" data-element_type=\"section\" data-e-type=\"section\">\n\t\t\t\t\t\t<div class=\"elementor-container elementor-column-gap-default\">\n\t\t\t\t\t<div class=\"elementor-column elementor-col-50 elementor-top-column elementor-element elementor-element-31b4561\" data-id=\"31b4561\" data-element_type=\"column\" data-e-type=\"column\">\n\t\t\t<div class=\"elementor-widget-wrap elementor-element-populated\">\n\t\t\t\t\t\t<div class=\"elementor-element elementor-element-f3ced77 elementor-widget elementor-widget-html\" data-id=\"f3ced77\" data-element_type=\"widget\" data-e-type=\"widget\" data-widget_type=\"html.default\">\n\t\t\t\t<div class=\"elementor-widget-container\">\n\t\t\t\t\t<b>Boia do Muchocho<\/b><div id=\"chart_div4\" class=\"chart\"><\/div>\t\t\t\t<\/div>\n\t\t\t\t<\/div>\n\t\t\t\t\t<\/div>\n\t\t<\/div>\n\t\t\t\t<div class=\"elementor-column elementor-col-50 elementor-top-column elementor-element elementor-element-58c7c62\" data-id=\"58c7c62\" data-element_type=\"column\" data-e-type=\"column\">\n\t\t\t<div class=\"elementor-widget-wrap elementor-element-populated\">\n\t\t\t\t\t\t<div class=\"elementor-element elementor-element-6ffad50 elementor-widget elementor-widget-html\" data-id=\"6ffad50\" data-element_type=\"widget\" data-e-type=\"widget\" data-widget_type=\"html.default\">\n\t\t\t\t<div class=\"elementor-widget-container\">\n\t\t\t\t\t<b>Quina do ber\u00e7o 301<\/b><div id=\"chart_div5\" class=\"chart\"><\/div>\t\t\t\t<\/div>\n\t\t\t\t<\/div>\n\t\t\t\t\t<\/div>\n\t\t<\/div>\n\t\t\t\t\t<\/div>\n\t\t<\/section>\n\t\t\t\t<\/div>\n\t\t","protected":false},"excerpt":{"rendered":"<p>Babitonga &#8211; Pontos Previs\u00e3o Ilha da Paz Boia 12 Porto de Itapo\u00e1 Boia do Graneleiro Boia da Laje do Parcel da Torre Porto de S\u00e3o Francisco do Sul Boia do Muchocho Quina do ber\u00e7o 301<\/p>\n","protected":false},"author":3,"featured_media":0,"parent":0,"menu_order":0,"comment_status":"closed","ping_status":"closed","template":"elementor_canvas","meta":{"ocean_post_layout":"","ocean_both_sidebars_style":"","ocean_both_sidebars_content_width":0,"ocean_both_sidebars_sidebars_width":0,"ocean_sidebar":"0","ocean_second_sidebar":"0","ocean_disable_margins":"enable","ocean_add_body_class":"","ocean_shortcode_before_top_bar":"","ocean_shortcode_after_top_bar":"","ocean_shortcode_before_header":"","ocean_shortcode_after_header":"","ocean_has_shortcode":"","ocean_shortcode_after_title":"","ocean_shortcode_before_footer_widgets":"","ocean_shortcode_after_footer_widgets":"","ocean_shortcode_before_footer_bottom":"","ocean_shortcode_after_footer_bottom":"","ocean_display_top_bar":"default","ocean_display_header":"default","ocean_header_style":"","ocean_center_header_left_menu":"0","ocean_custom_header_template":"0","ocean_custom_logo":0,"ocean_custom_retina_logo":0,"ocean_custom_logo_max_width":0,"ocean_custom_logo_tablet_max_width":0,"ocean_custom_logo_mobile_max_width":0,"ocean_custom_logo_max_height":0,"ocean_custom_logo_tablet_max_height":0,"ocean_custom_logo_mobile_max_height":0,"ocean_header_custom_menu":"0","ocean_menu_typo_font_family":"0","ocean_menu_typo_font_subset":"","ocean_menu_typo_font_size":0,"ocean_menu_typo_font_size_tablet":0,"ocean_menu_typo_font_size_mobile":0,"ocean_menu_typo_font_size_unit":"px","ocean_menu_typo_font_weight":"","ocean_menu_typo_font_weight_tablet":"","ocean_menu_typo_font_weight_mobile":"","ocean_menu_typo_transform":"","ocean_menu_typo_transform_tablet":"","ocean_menu_typo_transform_mobile":"","ocean_menu_typo_line_height":0,"ocean_menu_typo_line_height_tablet":0,"ocean_menu_typo_line_height_mobile":0,"ocean_menu_typo_line_height_unit":"","ocean_menu_typo_spacing":0,"ocean_menu_typo_spacing_tablet":0,"ocean_menu_typo_spacing_mobile":0,"ocean_menu_typo_spacing_unit":"","ocean_menu_link_color":"","ocean_menu_link_color_hover":"","ocean_menu_link_color_active":"","ocean_menu_link_background":"","ocean_menu_link_hover_background":"","ocean_menu_link_active_background":"","ocean_menu_social_links_bg":"","ocean_menu_social_hover_links_bg":"","ocean_menu_social_links_color":"","ocean_menu_social_hover_links_color":"","ocean_disable_title":"default","ocean_disable_heading":"default","ocean_post_title":"","ocean_post_subheading":"","ocean_post_title_style":"","ocean_post_title_background_color":"","ocean_post_title_background":0,"ocean_post_title_bg_image_position":"","ocean_post_title_bg_image_attachment":"","ocean_post_title_bg_image_repeat":"","ocean_post_title_bg_image_size":"","ocean_post_title_height":0,"ocean_post_title_bg_overlay":0.5,"ocean_post_title_bg_overlay_color":"","ocean_disable_breadcrumbs":"default","ocean_breadcrumbs_color":"","ocean_breadcrumbs_separator_color":"","ocean_breadcrumbs_links_color":"","ocean_breadcrumbs_links_hover_color":"","ocean_display_footer_widgets":"default","ocean_display_footer_bottom":"default","ocean_custom_footer_template":"0","footnotes":""},"class_list":["post-26682","page","type-page","status-publish","hentry","entry"],"_links":{"self":[{"href":"https:\/\/ciram.epagri.sc.gov.br\/index.php\/wp-json\/wp\/v2\/pages\/26682","targetHints":{"allow":["GET"]}}],"collection":[{"href":"https:\/\/ciram.epagri.sc.gov.br\/index.php\/wp-json\/wp\/v2\/pages"}],"about":[{"href":"https:\/\/ciram.epagri.sc.gov.br\/index.php\/wp-json\/wp\/v2\/types\/page"}],"author":[{"embeddable":true,"href":"https:\/\/ciram.epagri.sc.gov.br\/index.php\/wp-json\/wp\/v2\/users\/3"}],"replies":[{"embeddable":true,"href":"https:\/\/ciram.epagri.sc.gov.br\/index.php\/wp-json\/wp\/v2\/comments?post=26682"}],"version-history":[{"count":184,"href":"https:\/\/ciram.epagri.sc.gov.br\/index.php\/wp-json\/wp\/v2\/pages\/26682\/revisions"}],"predecessor-version":[{"id":34689,"href":"https:\/\/ciram.epagri.sc.gov.br\/index.php\/wp-json\/wp\/v2\/pages\/26682\/revisions\/34689"}],"wp:attachment":[{"href":"https:\/\/ciram.epagri.sc.gov.br\/index.php\/wp-json\/wp\/v2\/media?parent=26682"}],"curies":[{"name":"wp","href":"https:\/\/api.w.org\/{rel}","templated":true}]}}